{"id":2113,"date":"2021-09-28T23:22:40","date_gmt":"2021-09-28T21:22:40","guid":{"rendered":"https:\/\/soliha.fr\/?page_id=2113"},"modified":"2022-10-25T11:48:29","modified_gmt":"2022-10-25T09:48:29","slug":"accompagnateurrenov","status":"publish","type":"page","link":"https:\/\/limbus-studio.com\/soliha\/accompagnateurrenov\/","title":{"rendered":"Accompagnateur R\u00e9nov SOLIHA"},"content":{"rendered":"","protected":false},"excerpt":{"rendered":"","protected":false},"author":14,"featured_media":0,"parent":0,"menu_order":0,"comment_status":"closed","ping_status":"closed","template":"templates\/page-builder.php","meta":{"_acf_changed":false,"footnotes":""},"class_list":["post-2113","page","type-page","status-publish","hentry"],"acf":[],"yoast_head":"<!-- This site is optimized with the Yoast SEO plugin v27.5 - https:\/\/yoast.com\/product\/yoast-seo-wordpress\/ -->\n<title>Mon Accompagnateur R\u00e9nov&#039; SOLIHA<\/title>\n<meta name=\"description\" content=\"Dans le cadre de la campagne &quot;Mon Accompagnateur R\u00e9nov&#039; SOLIHA, L&#039;\u00e9nergie n\u00e9cessaire \u00e0 votre projet&quot;, SOLIHA se mobilise partout en France du 17 au 22 octobre autour des th\u00e9matiques de la pr\u00e9carit\u00e9 \u00e9nerg\u00e9tique, BBC Solidaire et la Lutte contre l&#039;Habitat Indigne.\" \/>\n<meta name=\"robots\" content=\"index, follow, max-snippet:-1, max-image-preview:large, max-video-preview:-1\" \/>\n<link rel=\"canonical\" href=\"https:\/\/limbus-studio.com\/soliha\/accompagnateurrenov\/\" \/>\n<meta property=\"og:locale\" content=\"fr_FR\" \/>\n<meta property=\"og:type\" content=\"article\" \/>\n<meta property=\"og:title\" content=\"Mon Accompagnateur R\u00e9nov&#039; SOLIHA\" \/>\n<meta property=\"og:description\" content=\"Dans le cadre de la campagne &quot;Mon Accompagnateur R\u00e9nov&#039; SOLIHA, L&#039;\u00e9nergie n\u00e9cessaire \u00e0 votre projet&quot;, SOLIHA se mobilise partout en France du 17 au 22 octobre autour des th\u00e9matiques de la pr\u00e9carit\u00e9 \u00e9nerg\u00e9tique, BBC Solidaire et la Lutte contre l&#039;Habitat Indigne.\" \/>\n<meta property=\"og:url\" content=\"https:\/\/limbus-studio.com\/soliha\/accompagnateurrenov\/\" \/>\n<meta property=\"og:site_name\" content=\"SOLIHA\" \/>\n<meta property=\"article:modified_time\" content=\"2022-10-25T09:48:29+00:00\" \/>\n<meta name=\"twitter:card\" content=\"summary_large_image\" \/>\n<script type=\"application\/ld+json\" class=\"yoast-schema-graph\">{\"@context\":\"https:\\\/\\\/schema.org\",\"@graph\":[{\"@type\":\"WebPage\",\"@id\":\"https:\\\/\\\/limbus-studio.com\\\/soliha\\\/accompagnateurrenov\\\/\",\"url\":\"https:\\\/\\\/limbus-studio.com\\\/soliha\\\/accompagnateurrenov\\\/\",\"name\":\"Mon Accompagnateur R\u00e9nov' SOLIHA\",\"isPartOf\":{\"@id\":\"https:\\\/\\\/limbus-studio.com\\\/soliha\\\/#website\"},\"datePublished\":\"2021-09-28T21:22:40+00:00\",\"dateModified\":\"2022-10-25T09:48:29+00:00\",\"description\":\"Dans le cadre de la campagne \\\"Mon Accompagnateur R\u00e9nov' SOLIHA, L'\u00e9nergie n\u00e9cessaire \u00e0 votre projet\\\", SOLIHA se mobilise partout en France du 17 au 22 octobre autour des th\u00e9matiques de la pr\u00e9carit\u00e9 \u00e9nerg\u00e9tique, BBC Solidaire et la Lutte contre l'Habitat Indigne.\",\"breadcrumb\":{\"@id\":\"https:\\\/\\\/limbus-studio.com\\\/soliha\\\/accompagnateurrenov\\\/#breadcrumb\"},\"inLanguage\":\"fr-FR\",\"potentialAction\":[{\"@type\":\"ReadAction\",\"target\":[\"https:\\\/\\\/limbus-studio.com\\\/soliha\\\/accompagnateurrenov\\\/\"]}]},{\"@type\":\"BreadcrumbList\",\"@id\":\"https:\\\/\\\/limbus-studio.com\\\/soliha\\\/accompagnateurrenov\\\/#breadcrumb\",\"itemListElement\":[{\"@type\":\"ListItem\",\"position\":1,\"name\":\"Home\",\"item\":\"https:\\\/\\\/limbus-studio.com\\\/soliha\\\/\"},{\"@type\":\"ListItem\",\"position\":2,\"name\":\"Accompagnateur R\u00e9nov SOLIHA\"}]},{\"@type\":\"WebSite\",\"@id\":\"https:\\\/\\\/limbus-studio.com\\\/soliha\\\/#website\",\"url\":\"https:\\\/\\\/limbus-studio.com\\\/soliha\\\/\",\"name\":\"SOLIHA\",\"description\":\"Solidaires pour l&#039;habitat\",\"potentialAction\":[{\"@type\":\"SearchAction\",\"target\":{\"@type\":\"EntryPoint\",\"urlTemplate\":\"https:\\\/\\\/limbus-studio.com\\\/soliha\\\/?s={search_term_string}\"},\"query-input\":{\"@type\":\"PropertyValueSpecification\",\"valueRequired\":true,\"valueName\":\"search_term_string\"}}],\"inLanguage\":\"fr-FR\"}]}<\/script>\n<!-- \/ Yoast SEO plugin. -->","yoast_head_json":{"title":"Mon Accompagnateur R\u00e9nov' SOLIHA","description":"Dans le cadre de la campagne \"Mon Accompagnateur R\u00e9nov' SOLIHA, L'\u00e9nergie n\u00e9cessaire \u00e0 votre projet\", SOLIHA se mobilise partout en France du 17 au 22 octobre autour des th\u00e9matiques de la pr\u00e9carit\u00e9 \u00e9nerg\u00e9tique, BBC Solidaire et la Lutte contre l'Habitat Indigne.","robots":{"index":"index","follow":"follow","max-snippet":"max-snippet:-1","max-image-preview":"max-image-preview:large","max-video-preview":"max-video-preview:-1"},"canonical":"https:\/\/limbus-studio.com\/soliha\/accompagnateurrenov\/","og_locale":"fr_FR","og_type":"article","og_title":"Mon Accompagnateur R\u00e9nov' SOLIHA","og_description":"Dans le cadre de la campagne \"Mon Accompagnateur R\u00e9nov' SOLIHA, L'\u00e9nergie n\u00e9cessaire \u00e0 votre projet\", SOLIHA se mobilise partout en France du 17 au 22 octobre autour des th\u00e9matiques de la pr\u00e9carit\u00e9 \u00e9nerg\u00e9tique, BBC Solidaire et la Lutte contre l'Habitat Indigne.","og_url":"https:\/\/limbus-studio.com\/soliha\/accompagnateurrenov\/","og_site_name":"SOLIHA","article_modified_time":"2022-10-25T09:48:29+00:00","twitter_card":"summary_large_image","schema":{"@context":"https:\/\/schema.org","@graph":[{"@type":"WebPage","@id":"https:\/\/limbus-studio.com\/soliha\/accompagnateurrenov\/","url":"https:\/\/limbus-studio.com\/soliha\/accompagnateurrenov\/","name":"Mon Accompagnateur R\u00e9nov' SOLIHA","isPartOf":{"@id":"https:\/\/limbus-studio.com\/soliha\/#website"},"datePublished":"2021-09-28T21:22:40+00:00","dateModified":"2022-10-25T09:48:29+00:00","description":"Dans le cadre de la campagne \"Mon Accompagnateur R\u00e9nov' SOLIHA, L'\u00e9nergie n\u00e9cessaire \u00e0 votre projet\", SOLIHA se mobilise partout en France du 17 au 22 octobre autour des th\u00e9matiques de la pr\u00e9carit\u00e9 \u00e9nerg\u00e9tique, BBC Solidaire et la Lutte contre l'Habitat Indigne.","breadcrumb":{"@id":"https:\/\/limbus-studio.com\/soliha\/accompagnateurrenov\/#breadcrumb"},"inLanguage":"fr-FR","potentialAction":[{"@type":"ReadAction","target":["https:\/\/limbus-studio.com\/soliha\/accompagnateurrenov\/"]}]},{"@type":"BreadcrumbList","@id":"https:\/\/limbus-studio.com\/soliha\/accompagnateurrenov\/#breadcrumb","itemListElement":[{"@type":"ListItem","position":1,"name":"Home","item":"https:\/\/limbus-studio.com\/soliha\/"},{"@type":"ListItem","position":2,"name":"Accompagnateur R\u00e9nov SOLIHA"}]},{"@type":"WebSite","@id":"https:\/\/limbus-studio.com\/soliha\/#website","url":"https:\/\/limbus-studio.com\/soliha\/","name":"SOLIHA","description":"Solidaires pour l&#039;habitat","potentialAction":[{"@type":"SearchAction","target":{"@type":"EntryPoint","urlTemplate":"https:\/\/limbus-studio.com\/soliha\/?s={search_term_string}"},"query-input":{"@type":"PropertyValueSpecification","valueRequired":true,"valueName":"search_term_string"}}],"inLanguage":"fr-FR"}]}},"_links":{"self":[{"href":"https:\/\/limbus-studio.com\/soliha\/wp-json\/wp\/v2\/pages\/2113","targetHints":{"allow":["GET"]}}],"collection":[{"href":"https:\/\/limbus-studio.com\/soliha\/wp-json\/wp\/v2\/pages"}],"about":[{"href":"https:\/\/limbus-studio.com\/soliha\/wp-json\/wp\/v2\/types\/page"}],"author":[{"embeddable":true,"href":"https:\/\/limbus-studio.com\/soliha\/wp-json\/wp\/v2\/users\/14"}],"replies":[{"embeddable":true,"href":"https:\/\/limbus-studio.com\/soliha\/wp-json\/wp\/v2\/comments?post=2113"}],"version-history":[{"count":0,"href":"https:\/\/limbus-studio.com\/soliha\/wp-json\/wp\/v2\/pages\/2113\/revisions"}],"wp:attachment":[{"href":"https:\/\/limbus-studio.com\/soliha\/wp-json\/wp\/v2\/media?parent=2113"}],"curies":[{"name":"wp","href":"https:\/\/api.w.org\/{rel}","templated":true}]}}